{"id":6061,"date":"2021-03-16T13:09:00","date_gmt":"2021-03-16T12:09:00","guid":{"rendered":"https:\/\/www.productosajf.es\/beneficios-del-azufre\/"},"modified":"2021-03-19T14:06:49","modified_gmt":"2021-03-19T13:06:49","slug":"beneficios-do-enxofre","status":"publish","type":"page","link":"https:\/\/www.productosajf.es\/pt\/beneficios-do-enxofre\/","title":{"rendered":"Benef\u00edcios do enxofre"},"content":{"rendered":"<div class=\"pagina-cabecera\">\n<div class=\"container\">\n<h1>Benef\u00edcios do enxofre<\/h1>\n<\/div>\n<\/div>\n<p><img  title=\"Benef\u00edcios do enxofre - Productos AJF\" fetchpriority=\"high\" decoding=\"async\" src=\"https:\/\/www.productosajf.es\/wp-content\/uploads\/2021\/03\/cabecera-beneficiosazufre.jpg\"  alt=\"Benef\u00edcios do enxofre - Productos AJF\"  width=\"1600\" height=\"420\" class=\"alignnone size-full wp-image-6045 img-full\" srcset=\"https:\/\/www.productosajf.es\/wp-content\/uploads\/2021\/03\/cabecera-beneficiosazufre.jpg 1600w, https:\/\/www.productosajf.es\/wp-content\/uploads\/2021\/03\/cabecera-beneficiosazufre-300x79.jpg 300w, https:\/\/www.productosajf.es\/wp-content\/uploads\/2021\/03\/cabecera-beneficiosazufre-1024x269.jpg 1024w, https:\/\/www.productosajf.es\/wp-content\/uploads\/2021\/03\/cabecera-beneficiosazufre-768x202.jpg 768w, https:\/\/www.productosajf.es\/wp-content\/uploads\/2021\/03\/cabecera-beneficiosazufre-1536x403.jpg 1536w\" sizes=\"(max-width: 1600px) 100vw, 1600px\" \/><\/p>\n<div class=\"container mt-5 mb-5 ben-azufre\">\n<div class=\"row\">\n<div class=\"col-12\">\n<span class=\"collapseomatic \" id=\"id69d367a04027a\"  tabindex=\"0\" title=\"1. Qual o papel do enxofre como subst\u00e2ncia aplic\u00e1vel na agricultura?\"    >1. Qual o papel do enxofre como subst\u00e2ncia aplic\u00e1vel na agricultura?<\/span><div id=\"target-id69d367a04027a\" class=\"collapseomatic_content \">\n<p class=\"texto\">O enxofre destaca-se pelas suas m\u00faltiplas aplica\u00e7\u00f5es na agricultura, tanto como produto fitossanit\u00e1rio para prote\u00e7\u00e3o de culturas, pelas suas propriedades fungicidas e acaricidas, como pelas possibilidades que proporciona como agronutriente, gra\u00e7as ao seu potencial como fertilizante natural e bioestimulante.<\/p>\n<p class=\"texto\">Quando aplicado na planta da cultura, o enxofre favorece a forma\u00e7\u00e3o de amino\u00e1cidos essenciais para o seu crescimento, como a ciste\u00edna e a metionina, aumenta o n\u00edvel de clorofila nas folhas e faz parte dos metab\u00f3litos secund\u00e1rios que determinam o cheiro e o sabor de diversos esp\u00e9cies de plantas.<\/p>\n<p class=\"texto\">Al\u00e9m disso, o enxofre tamb\u00e9m se destaca por sua capacidade de contribui\u00e7\u00e3o natural de sulfatos ao solo agr\u00edcola, o que \u00e9 de grande import\u00e2ncia para reduzir sua alcalinidade (ou pH), equilibrar sua condutividade, aumentar a microbiota e desbloquear outros macroelementos como o f\u00f3sforo. contribui para conter o empobrecimento gradual da \u00e1rea cultivada devido, em muitos casos, \u00e0 sua sobreexplora\u00e7\u00e3o.<\/p>\n<p class=\"texto\">Por tudo isso, o enxofre pode ser considerado, sem d\u00favida, como uma das subst\u00e2ncias cuja composi\u00e7\u00e3o natural \u00e9 mais completa e recomendada para sua aplica\u00e7\u00e3o no melhoramento integral de culturas agr\u00edcolas.<\/p>\n<\/div>\n<span class=\"collapseomatic \" id=\"id69d367a0402e3\"  tabindex=\"0\" title=\"2. Desde quando o enxofre \u00e9 usado na agricultura para a prote\u00e7\u00e3o e o crescimento das safras?\"    >2. Desde quando o enxofre \u00e9 usado na agricultura para a prote\u00e7\u00e3o e o crescimento das safras?<\/span><div id=\"target-id69d367a0402e3\" class=\"collapseomatic_content \">\n<p class=\"texto\">A rela\u00e7\u00e3o entre o enxofre e a agricultura remonta a milhares de anos, a tal ponto que existem dados que confirmam ser este o primeiro fungicida utilizado na hist\u00f3ria da humanidade.<\/p>\n<p class=\"texto\">Estima-se que o uso do enxofre para fins agr\u00edcolas tenha se iniciado na antiga Mesopot\u00e2mia, embora a primeira escrita documentada que se refere a esse aspecto perten\u00e7a ao autor grego cl\u00e1ssico Homero e tenha pouco mais de 2.800 anos.<\/p>\n<p class=\"texto\">Nele, Homer destaca o uso habitual do enxofre como produto para o controle de pragas e doen\u00e7as nas opera\u00e7\u00f5es agr\u00edcolas da \u00e9poca.<\/p>\n<\/div>\n<span class=\"collapseomatic \" id=\"id69d367a04030e\"  tabindex=\"0\" title=\"3. O que significa que o enxofre \u00e9 considerado um produto natural ou n\u00e3o sint\u00e9tico?\"    >3. O que significa que o enxofre \u00e9 considerado um produto natural ou n\u00e3o sint\u00e9tico?<\/span><div id=\"target-id69d367a04030e\" class=\"collapseomatic_content \">\n<p class=\"texto\">O fato de o enxofre ser considerado um produto natural ou n\u00e3o sint\u00e9tico implica que sua capacidade de fornecer nutrientes essenciais \u00e0s plantas seja determinada pela sua pr\u00f3pria composi\u00e7\u00e3o, o que o torna um produto fitossanit\u00e1rio inorg\u00e2nico, fertilizante e bioestimulante.<\/p>\n<p class=\"texto\">Portanto, sua aplicabilidade nas lavouras n\u00e3o requer nenhum processo qu\u00edmico ou transforma\u00e7\u00e3o pr\u00e9via, mas sim suas pr\u00f3prias propriedades naturais, como ocorre com outros macronutrientes de uso agr\u00edcola como f\u00f3sforo, nitrog\u00eanio ou pot\u00e1ssio.<\/p>\n<\/div>\n<span class=\"collapseomatic \" id=\"id69d367a040337\"  tabindex=\"0\" title=\"4. Por que, ao contr\u00e1rio de outras subst\u00e2ncias ou compostos, a agricultura org\u00e2nica contempla a possibilidade de aplica\u00e7\u00e3o de enxofre em suas lavouras?\"    >4. Por que, ao contr\u00e1rio de outras subst\u00e2ncias ou compostos, a agricultura org\u00e2nica contempla a possibilidade de aplica\u00e7\u00e3o de enxofre em suas lavouras?<\/span><div id=\"target-id69d367a040337\" class=\"collapseomatic_content \">\n<p class=\"texto\">A agricultura ecol\u00f3gica limita o uso de recursos externos em suas lavouras \u00e0s subst\u00e2ncias naturais ou derivadas de subst\u00e2ncias naturais que, al\u00e9m disso, tenham baixa solubilidade.<\/p>\n<p class=\"texto\">O enxofre, devido \u00e0 sua pr\u00f3pria composi\u00e7\u00e3o natural, cumpre estes dois requisitos fundamentais, o que explica a possibilidade de ser incorporado no cuidado e fertiliza\u00e7\u00e3o das explora\u00e7\u00f5es agr\u00edcolas que se regem pelos princ\u00edpios de produ\u00e7\u00e3o da agricultura org\u00e2nica.<\/p>\n<\/div>\n<span class=\"collapseomatic \" id=\"id69d367a040367\"  tabindex=\"0\" title=\"5. Por que existem cr\u00edticas que associam o enxofre ao petr\u00f3leo ou \u00e0 emiss\u00e3o de gases de efeito estufa\"    >5. Por que existem cr\u00edticas que associam o enxofre ao petr\u00f3leo ou \u00e0 emiss\u00e3o de gases de efeito estufa<\/span><div id=\"target-id69d367a040367\" class=\"collapseomatic_content \">\n<p class=\"texto\">Essa confus\u00e3o tem sua origem no fato de que o enxofre \u00e9 uma subst\u00e2ncia que normalmente se encontra no ambiente natural aderida ou ligada a outros minerais, como carv\u00e3o ou \u00f3leo.<\/p>\n<p class=\"texto\">Assim, \u00e9 comum que o processo de refino do petr\u00f3leo encontre veios de enxofre, que dele devem ser separados para o tratamento das duas subst\u00e2ncias individualmente, mas que, de forma alguma, est\u00e3o relacionados al\u00e9m desse aspecto.<\/p>\n<\/div>\n<span class=\"collapseomatic \" id=\"id69d367a040391\"  tabindex=\"0\" title=\"6. Quais s\u00e3o as poss\u00edveis aplica\u00e7\u00f5es do enxofre na agricultura de hoje?\"    >6. Quais s\u00e3o as poss\u00edveis aplica\u00e7\u00f5es do enxofre na agricultura de hoje?<\/span><div id=\"target-id69d367a040391\" class=\"collapseomatic_content \">\n<p class=\"texto\">O enxofre \u00e9 uma das subst\u00e2ncias naturais que apresenta as caracter\u00edsticas mais completas para a sua utiliza\u00e7\u00e3o no cuidado e manuten\u00e7\u00e3o das culturas agr\u00edcolas, pois permite um tratamento praticamente integral da planta e do solo, gra\u00e7as \u00e0s suas propriedades como:<\/p>\n<ul>\n<li><strong>Fungicida e miticida;<\/strong> a capacidade do enxofre em promover a gera\u00e7\u00e3o aut\u00f4noma de amino\u00e1cidos essenciais como a ciste\u00edna, cistina ou metionina, contribui para aumentar os mecanismos naturais de defesa das plantas contra doen\u00e7as externas e pragas, uma vez que esses amino\u00e1cidos, e principalmente a ciste\u00edna, s\u00e3o essenciais no s\u00edntese de compostos b\u00e1sicos para o sistema imunol\u00f3gico das plantas, como glucosinolatos ou fitoalexinas.<\/li>\n<li><strong>Fertilizante;<\/strong> O efeito de libera\u00e7\u00e3o lenta dos \u00edons sulfato gerados pela aplica\u00e7\u00e3o do enxofre elementar \u00e9 essencial para favorecer o processo de nutri\u00e7\u00e3o da planta sobre a qual \u00e9 aplicado, uma vez que estes s\u00e3o respons\u00e1veis \u200b\u200bpela captura dos micronutrientes do meio ambiente e, al\u00e9m disso, contribuem para a sua melhoria. assimila\u00e7\u00e3o.<\/li>\n<li><strong>Bioestimulante;<\/strong> O enxofre, al\u00e9m disso, exerce not\u00e1vel melhora na capacidade de crescimento das plantas sobre as quais \u00e9 aplicado, principalmente por suas propriedades de reduzir a salinidade e a concentra\u00e7\u00e3o de nitratos presentes no solo, bem como reduzir poss\u00edveis excessos de fosfatos, que pode afetar negativamente o seu desenvolvimento.<\/li>\n<\/ul>\n<p class=\"texto\"><strong>Enxofre como fungicida e miticida (enxofre em p\u00f3)<\/strong><\/p>\n<\/div>\n<span class=\"collapseomatic \" id=\"id69d367a0403ab\"  tabindex=\"0\" title=\"7. O enxofre em p\u00f3 \u00e9 considerado um bom fungicida agr\u00edcola. O que significa isto?\"    >7. O enxofre em p\u00f3 \u00e9 considerado um bom fungicida agr\u00edcola. O que significa isto?<\/span><div id=\"target-id69d367a0403ab\" class=\"collapseomatic_content \">\n<p class=\"texto\">Quando se faz refer\u00eancia \u00e0 capacidade fungicida do enxofre elementar, na sua apresenta\u00e7\u00e3o em p\u00f3, faz-se refer\u00eancia \u00e0 sua capacidade de prevenir o crescimento de fungos prejudiciais ao crescimento das plantas.<\/p>\n<p class=\"texto\">O enxofre, neste sentido, contribui para aumentar os mecanismos naturais de defesa das plantas contra a a\u00e7\u00e3o dos fungos, gra\u00e7as \u00e0 estimula\u00e7\u00e3o natural que nelas gera para a gera\u00e7\u00e3o aut\u00f4noma de amino\u00e1cidos essenciais como a ciste\u00edna, cistina ou metionina.<\/p>\n<p class=\"texto\">Este \u00e9 um dos motivos que explica a estreita rela\u00e7\u00e3o do enxofre em p\u00f3 com a produ\u00e7\u00e3o de vinho, pois \u00e9 sem d\u00favida um dos produtos que oferece os melhores resultados para o sucesso no tratamento do o\u00eddio.<\/p>\n<\/div>\n<span class=\"collapseomatic \" id=\"id69d367a0403c5\"  tabindex=\"0\" title=\"8. No n\u00edvel agr\u00edcola, quais s\u00e3o as propriedades do enxofre em p\u00f3 como acaricida?\"    >8. No n\u00edvel agr\u00edcola, quais s\u00e3o as propriedades do enxofre em p\u00f3 como acaricida?<\/span><div id=\"target-id69d367a0403c5\" class=\"collapseomatic_content \">\n<p class=\"texto\">O enxofre elementar, ou p\u00f3, n\u00e3o s\u00f3 aumenta a capacidade da planta de agir contra poss\u00edveis infec\u00e7\u00f5es causadas por fungos, mas essa melhora natural em seus mecanismos de defesa tamb\u00e9m aumenta sua prote\u00e7\u00e3o contra a presen\u00e7a de \u00e1caros.<\/p>\n<p class=\"texto\">Nesse sentido, o enxofre oferece comprovada utilidade para enfrentar tanto a a\u00e7\u00e3o de \u00e1caros e eri\u00f3filos quanto de outros aracn\u00eddeos maiores, como a aranha vermelha.<\/p>\n<\/div>\n<span class=\"collapseomatic \" id=\"id69d367a0403dc\"  tabindex=\"0\" title=\"9. Por que o enxofre em p\u00f3 deve ser considerado um produto fitossanit\u00e1rio?\"    >9. Por que o enxofre em p\u00f3 deve ser considerado um produto fitossanit\u00e1rio?<\/span><div id=\"target-id69d367a0403dc\" class=\"collapseomatic_content \">\n<p class=\"texto\">O enxofre em p\u00f3 \u00e9 uma subst\u00e2ncia que favorece a otimiza\u00e7\u00e3o natural dos pr\u00f3prios mecanismos de defesa da planta, gerando uma melhora gradual e duradoura do seu sistema imunol\u00f3gico contra poss\u00edveis agentes externos nocivos, como fungos e \u00e1caros.<\/p>\n<p class=\"texto\">Da mesma forma, o enxofre em p\u00f3 tamb\u00e9m se destaca por sua capacidade de suprimento natural de sulfatos, o que implica na possibilidade de exercer um triplo efeito (fitossanit\u00e1rio, fertilizante e bioestimulante) por meio da aplica\u00e7\u00e3o de um \u00fanico tratamento.<\/p>\n<p class=\"texto\">Mas, al\u00e9m disso, podem ser mencionados outros aspectos adicionais que servem para dar uma ideia mais aproximada do potencial do enxofre em p\u00f3 como produto fitossanit\u00e1rio:<\/p>\n<ul>\n<li>\u00c9 uma subst\u00e2ncia natural, \u00e0 qual s\u00f3 se aplica tratamento para modificar o seu formato e adapt\u00e1-lo \u00e0s necessidades do consumidor, permitindo a sua aplica\u00e7\u00e3o tanto nas explora\u00e7\u00f5es agr\u00edcolas convencionais como nas que possuam o certificado de agricultura biol\u00f3gica.<\/li>\n<li>\u00c9 um produto fitossanit\u00e1rio utilizado na agricultura h\u00e1 s\u00e9culos, a ponto de ser considerado o primeiro fungicida utilizado pelo homem. Este aspecto destaca sua comprovada utilidade para a prote\u00e7\u00e3o de culturas e sua alt\u00edssima adaptabilidade a uma grande multiplicidade de formatos.<\/li>\n<li>Nesse sentido, \u00e9 um produto fitossanit\u00e1rio que tem demonstrado enorme efic\u00e1cia no controle e tratamento de pragas relacionadas \u00e0 a\u00e7\u00e3o nociva de fungos e \u00e1caros, como \u00e9 o caso do o\u00eddio.<\/li>\n<li>Na verdade, a efic\u00e1cia e a seguran\u00e7a do enxofre em p\u00f3 s\u00e3o apoiadas por uma infinidade de estudos e registros em n\u00edvel europeu.<\/li>\n<li>A possibilidade de obten\u00e7\u00e3o de enxofre dos dep\u00f3sitos existentes no ambiente natural, sem necessidade de proceder ao seu tratamento sen\u00e3o para o adaptar a diferentes formatos, explica tamb\u00e9m o seu pre\u00e7o de comercializa\u00e7\u00e3o claramente inferior ao de outros compostos fitossanit\u00e1rios.<\/li>\n<li>Al\u00e9m disso, o enxofre se destaca pela facilidade de aplica\u00e7\u00e3o nas lavouras, j\u00e1 que o tamanho de seus gr\u00e2nulos \u00e9 expressamente desenhado para promover a ader\u00eancia.<\/li>\n<li>Por fim, como produto fitossanit\u00e1rio, desempenha um papel importante na melhoria da produtividade das culturas e, assim, na redu\u00e7\u00e3o do desperd\u00edcio de alimentos que ocorre durante a produ\u00e7\u00e3o agr\u00edcola devido \u00e0 perda parcial ou total das culturas, o que aumenta o seu car\u00e1ter sustent\u00e1vel como elemento. gases na atmosfera.<\/li>\n<\/ul>\n<\/div>\n<span class=\"collapseomatic \" id=\"id69d367a040402\"  tabindex=\"0\" title=\"10. O enxofre em p\u00f3, como produto fitossanit\u00e1rio, tem um pre\u00e7o mais barato do que outros compostos dispon\u00edveis no mercado. Este aspecto tem alguma rela\u00e7\u00e3o com sua qualidade e funcionalidade?\"    >10. O enxofre em p\u00f3, como produto fitossanit\u00e1rio, tem um pre\u00e7o mais barato do que outros compostos dispon\u00edveis no mercado. Este aspecto tem alguma rela\u00e7\u00e3o com sua qualidade e funcionalidade?<\/span><div id=\"target-id69d367a040402\" class=\"collapseomatic_content \">\n<p class=\"texto\">Em absoluto. O fato de o enxofre elementar ou em p\u00f3 ter um pre\u00e7o inferior ao de outros compostos fitossanit\u00e1rios do mercado deve-se exclusivamente ao fato de ser uma subst\u00e2ncia de origem natural, que tamb\u00e9m requer um tratamento m\u00ednimo relacionado \u00e0 melhoria de sua apresenta\u00e7\u00e3o e capacidade de manipula\u00e7\u00e3o pelo usu\u00e1rio final.<\/p>\n<p class=\"texto\">Deve-se levar em considera\u00e7\u00e3o que outros compostos fitossanit\u00e1rios requerem v\u00e1rios anos de pesquisa e desenvolvimento, al\u00e9m de um \u00e1rduo processo de processamento para possibilitar sua comercializa\u00e7\u00e3o e utiliza\u00e7\u00e3o com os mais elevados n\u00edveis de seguran\u00e7a para usu\u00e1rios e plantas, o que explica seu parente superior. pre\u00e7o em rela\u00e7\u00e3o ao enxofre, oferecendo resultados semelhantes em termos de efici\u00eancia.<\/p>\n<\/div>\n<span class=\"collapseomatic \" id=\"id69d367a04041a\"  tabindex=\"0\" title=\"11. V\u00e1rios setores da sociedade consideram os produtos fitossanit\u00e1rios, inclusive o enxofre em p\u00f3, como subst\u00e2ncias t\u00f3xicas. At\u00e9 que ponto essa afirma\u00e7\u00e3o \u00e9 verdadeira?\"    >11. V\u00e1rios setores da sociedade consideram os produtos fitossanit\u00e1rios, inclusive o enxofre em p\u00f3, como subst\u00e2ncias t\u00f3xicas. At\u00e9 que ponto essa afirma\u00e7\u00e3o \u00e9 verdadeira?<\/span><div id=\"target-id69d367a04041a\" class=\"collapseomatic_content \">\n<p class=\"texto\">O enxofre \u00e9 caracterizado por ter toxicidade praticamente nula, tanto para as pessoas quanto para as plantas nas quais \u00e9 aplicado.<\/p>\n<p class=\"texto\">Na verdade, este \u00e9 um dos elementos que justifica a sua capacidade de utiliza\u00e7\u00e3o tanto para o tratamento de culturas relacionadas com a agricultura biol\u00f3gica, como para as destinadas \u00e0 alimenta\u00e7\u00e3o animal nas explora\u00e7\u00f5es pecu\u00e1rias, onde existem controlos exaustivos para reduzir os n\u00edveis de toxicidade e a sua poss\u00edvel influ\u00eancia. no ambiente natural e nos consumidores finais desses produtos.<\/p>\n<\/div>\n<span class=\"collapseomatic \" id=\"id69d367a040431\"  tabindex=\"0\" title=\"12. O enxofre em p\u00f3 pode ser aplicado em produ\u00e7\u00f5es agr\u00edcolas org\u00e2nicas certificadas?\"    >12. O enxofre em p\u00f3 pode ser aplicado em produ\u00e7\u00f5es agr\u00edcolas org\u00e2nicas certificadas?<\/span><div id=\"target-id69d367a040431\" class=\"collapseomatic_content \">\n<p class=\"texto\">Claro que sim. O enxofre elementar ou em p\u00f3 \u00e9 uma das subst\u00e2ncias cuja capacidade de utiliza\u00e7\u00e3o est\u00e1 expressamente inclu\u00edda no Regulamento 889\/2008 do Conselho da Uni\u00e3o Europeia, sobre a produ\u00e7\u00e3o e rotulagem de produtos biol\u00f3gicos, no que diz respeito \u00e0 produ\u00e7\u00e3o biol\u00f3gica, sua rotulagem e seu controlo.<\/p>\n<p class=\"texto\">Portanto, seu uso n\u00e3o s\u00f3 \u00e9 poss\u00edvel, mas altamente recomendado para o tratamento fitossanit\u00e1rio de produ\u00e7\u00f5es agr\u00edcolas que possuam certifica\u00e7\u00e3o ecol\u00f3gica oficial.<\/p>\n<\/div>\n<span class=\"collapseomatic \" id=\"id69d367a040447\"  tabindex=\"0\" title=\"13. Costuma-se dizer que o enxofre em p\u00f3 apresenta riscos \u00e0 seguran\u00e7a, no armazenamento e no manuseio. \u00c9 verdade?\"    >13. Costuma-se dizer que o enxofre em p\u00f3 apresenta riscos \u00e0 seguran\u00e7a, no armazenamento e no manuseio. \u00c9 verdade?<\/span><div id=\"target-id69d367a040447\" class=\"collapseomatic_content \">\n<p class=\"texto\">Deve-se ter em mente que o enxofre, devido \u00e0 sua pr\u00f3pria composi\u00e7\u00e3o natural, possui propriedades inflam\u00e1veis \u200b\u200bsob v\u00e1rias condi\u00e7\u00f5es adversas que, pelo contr\u00e1rio, foram exaustivamente testadas e documentadas.<\/p>\n<p class=\"texto\">Por este motivo, como com qualquer outro produto, recomenda-se consultar detalhadamente suas instru\u00e7\u00f5es de uso e manuseio, e seguir as especifica\u00e7\u00f5es oferecidas pelo fabricante quanto ao armazenamento e transporte, de forma a garantir que o desempenho de todas essas a\u00e7\u00f5es sejam executado de acordo com os mais elevados n\u00edveis de seguran\u00e7a.<\/p>\n<\/div>\n<span class=\"collapseomatic \" id=\"id69d367a04045f\"  tabindex=\"0\" title=\"Fontes consultadas\"    >Fontes consultadas<\/span><div id=\"target-id69d367a04045f\" class=\"collapseomatic_content \">\n<p class=\"texto\"><strong>AECOC (2019).<\/strong> Relate &#8216;Espanha, um pa\u00eds de afrescos&#8217;.<\/p>\n<p class=\"texto\"><strong>AEPLA (2019).<\/strong> Relat\u00f3rio &#8216;O futuro do setor agr\u00edcola espanhol&#8217;.<\/p>\n<p class=\"texto\"><strong>Alimentos da Espanha (2019).<\/strong> &#8216;Relat\u00f3rio sobre o Consumo Alimentar em Espanha 2018&#8217;.<\/p>\n<p class=\"texto\"><strong>Instituto Nacional de Estat\u00edstica (2019).<\/strong> Anu\u00e1rio Estat\u00edstico da Espanha 2018.<\/p>\n<p class=\"texto\"><strong>Mercasa (2019).<\/strong> &#8216;Relat\u00f3rio anual da alimenta\u00e7\u00e3o em Espanha 2019. Produ\u00e7\u00e3o, ind\u00fastria, distribui\u00e7\u00e3o e consumo&#8217;.<\/p>\n<p class=\"texto\"><strong>Minist\u00e9rio da Agricultura, Pesca e Alimenta\u00e7\u00e3o &#8211; Governo da Espanha (2019).<\/strong>&#8216;Agricultura ecol\u00f3gica. Estat\u00edsticas 2018 &#8216;.<\/p>\n<p class=\"texto\"><strong>Minist\u00e9rio da Agricultura, Pesca e Alimenta\u00e7\u00e3o &#8211; Governo da Espanha (2019).<\/strong> &#8216;Levantamento de \u00e1reas e safras 2019 (ESYRCE)&#8217;.<\/p>\n<p class=\"texto\"><strong>Minist\u00e9rio da Agricultura, Pesca e Alimenta\u00e7\u00e3o.<\/strong> Website oficial.<br \/>\nhttps:\/\/www.mapa.gob.es\/es\/agricultura\/temas\/default.aspx<\/p>\n<p class=\"texto\"><strong>Organiza\u00e7\u00e3o das Na\u00e7\u00f5es Unidas para a Alimenta\u00e7\u00e3o e Agricultura &#8211; FAO.<\/strong> Site oficial (em espanhol)<br \/>\nhttp:\/\/www.fao.org\/home\/es\/<\/p>\n<p class=\"texto\"><strong>Uni\u00e3o dos Pequenos Agricultores e Pecuaristas &#8211; UPA.<\/strong> Site do Projeto &#8216;Sustent\u00e1vel por Natureza&#8217;<br \/>\nhttp:\/\/sosteniblespornaturaleza.es\/es\/ <\/p>\n<\/div><\/div>\n<\/div>\n<\/div>\n","protected":false},"excerpt":{"rendered":"<p>Benef\u00edcios do enxofre [&#8230;]<\/p>\n<p><a class=\"btn btn-secondary understrap-read-more-link\" href=\"https:\/\/www.productosajf.es\/pt\/beneficios-do-enxofre\/\">Continuar a ler&#8230;<span class=\"screen-reader-text\"> from Benef\u00edcios do enxofre<\/span><\/a><\/p>\n","protected":false},"author":2,"featured_media":0,"parent":0,"menu_order":0,"comment_status":"closed","ping_status":"closed","template":"page-templates\/empty.php","meta":{"_seopress_robots_primary_cat":"0","_seopress_titles_title":"","_seopress_titles_desc":"","_seopress_robots_index":"","footnotes":""},"categories":[],"tags":[],"class_list":["post-6061","page","type-page","status-publish","hentry"],"_links":{"self":[{"href":"https:\/\/www.productosajf.es\/pt\/wp-json\/wp\/v2\/pages\/6061"}],"collection":[{"href":"https:\/\/www.productosajf.es\/pt\/wp-json\/wp\/v2\/pages"}],"about":[{"href":"https:\/\/www.productosajf.es\/pt\/wp-json\/wp\/v2\/types\/page"}],"author":[{"embeddable":true,"href":"https:\/\/www.productosajf.es\/pt\/wp-json\/wp\/v2\/users\/2"}],"replies":[{"embeddable":true,"href":"https:\/\/www.productosajf.es\/pt\/wp-json\/wp\/v2\/comments?post=6061"}],"version-history":[{"count":3,"href":"https:\/\/www.productosajf.es\/pt\/wp-json\/wp\/v2\/pages\/6061\/revisions"}],"predecessor-version":[{"id":6070,"href":"https:\/\/www.productosajf.es\/pt\/wp-json\/wp\/v2\/pages\/6061\/revisions\/6070"}],"wp:attachment":[{"href":"https:\/\/www.productosajf.es\/pt\/wp-json\/wp\/v2\/media?parent=6061"}],"wp:term":[{"taxonomy":"category","embeddable":true,"href":"https:\/\/www.productosajf.es\/pt\/wp-json\/wp\/v2\/categories?post=6061"},{"taxonomy":"post_tag","embeddable":true,"href":"https:\/\/www.productosajf.es\/pt\/wp-json\/wp\/v2\/tags?post=6061"}],"curies":[{"name":"wp","href":"https:\/\/api.w.org\/{rel}","templated":true}]}}