{"id":5858,"date":"2018-06-27T10:06:53","date_gmt":"2018-06-27T10:06:53","guid":{"rendered":"https:\/\/www.productosajf.es\/contacto\/"},"modified":"2025-04-11T11:59:35","modified_gmt":"2025-04-11T09:59:35","slug":"contato","status":"publish","type":"page","link":"https:\/\/www.productosajf.es\/pt\/contato\/","title":{"rendered":"Contato"},"content":{"rendered":"<div class=\"container\">\n<h1>Entre em contato<\/h1>\n<div class=\"row\">\n<div class=\"col-xs-12 col-md-6\">\n<div class=\"wpcf7 no-js\" id=\"wpcf7-f1610-o1\" lang=\"es-ES\" dir=\"ltr\" data-wpcf7-id=\"1610\">\n<div class=\"screen-reader-response\"><p role=\"status\" aria-live=\"polite\" aria-atomic=\"true\"><\/p> <ul><\/ul><\/div>\n<form action=\"\/pt\/wp-json\/wp\/v2\/pages\/5858#wpcf7-f1610-o1\" method=\"post\" class=\"wpcf7-form init\" aria-label=\"Formulario de contacto\" novalidate=\"novalidate\" data-status=\"init\">\n<div style=\"display: none;\">\n<input type=\"hidden\" name=\"_wpcf7\" value=\"1610\" \/>\n<input type=\"hidden\" name=\"_wpcf7_version\" value=\"6.0\" \/>\n<input type=\"hidden\" name=\"_wpcf7_locale\" value=\"es_ES\" \/>\n<input type=\"hidden\" name=\"_wpcf7_unit_tag\" value=\"wpcf7-f1610-o1\" \/>\n<input type=\"hidden\" name=\"_wpcf7_container_post\" value=\"0\" \/>\n<input type=\"hidden\" name=\"_wpcf7_posted_data_hash\" value=\"\" \/>\n<\/div>\n<div class=\"row mt-3\">\n\t<div class=\"col-md-6\">\n\t\t<p><label> <span class=\"wpcf7-form-control-wrap\" data-name=\"your-name\"><input size=\"40\" maxlength=\"400\" class=\"wpcf7-form-control wpcf7-text wpcf7-validates-as-required form-int\" aria-required=\"true\" aria-invalid=\"false\" placeholder=\"Nome (*)\" value=\"\" type=\"text\" name=\"your-name\" \/><\/span> <\/label>\n\t\t<\/p>\n\t\t<p><label> <span class=\"wpcf7-form-control-wrap\" data-name=\"your-email\"><input size=\"40\" maxlength=\"400\" class=\"wpcf7-form-control wpcf7-email wpcf7-validates-as-required wpcf7-text wpcf7-validates-as-email form-int\" aria-required=\"true\" aria-invalid=\"false\" placeholder=\"Email (*)\" value=\"\" type=\"email\" name=\"your-email\" \/><\/span> <\/label>\n\t\t<\/p>\n\t\t<p><label> <span class=\"wpcf7-form-control-wrap\" data-name=\"tel-51\"><input size=\"40\" maxlength=\"400\" class=\"wpcf7-form-control wpcf7-tel wpcf7-validates-as-required wpcf7-text wpcf7-validates-as-tel form-int\" aria-required=\"true\" aria-invalid=\"false\" placeholder=\"Telefone (*)\" value=\"\" type=\"tel\" name=\"tel-51\" \/><\/span> <\/label>\n\t\t<\/p>\n\t<\/div>\n\t<div class=\"col-md-6\">\n\t\t<p><label> <span class=\"wpcf7-form-control-wrap\" data-name=\"oferta\"><select class=\"wpcf7-form-control wpcf7-select\" aria-invalid=\"false\" name=\"oferta\"><option value=\"Selecione o perfil\">Selecione o perfil<\/option><option value=\"Agricultor\">Agricultor<\/option><option value=\"Distribuidor\">Distribuidor<\/option><\/select><\/span> <\/label>\n\t\t<\/p>\n\t\t<p><label> <span class=\"wpcf7-form-control-wrap\" data-name=\"your-country\"><input size=\"40\" maxlength=\"400\" class=\"wpcf7-form-control wpcf7-text wpcf7-validates-as-required form-int\" aria-required=\"true\" aria-invalid=\"false\" placeholder=\"Pa\u00eds (*)\" value=\"\" type=\"text\" name=\"your-country\" \/><\/span> <\/label>\n\t\t<\/p>\n\t\t<p><label> <span class=\"wpcf7-form-control-wrap\" data-name=\"your-province\"><input size=\"40\" maxlength=\"400\" class=\"wpcf7-form-control wpcf7-text wpcf7-validates-as-required form-int\" aria-required=\"true\" aria-invalid=\"false\" placeholder=\"Prov\u00edncia (*)\" value=\"\" type=\"text\" name=\"your-province\" \/><\/span> <\/label>\n\t\t<\/p>\n\t<\/div>\n<\/div>\n<div class=\"row mt-3\">\n\t<div class=\"col-md-12\">\n\t\t<p><label> <span class=\"wpcf7-form-control-wrap\" data-name=\"your-message\"><textarea cols=\"40\" rows=\"3\" maxlength=\"2000\" class=\"wpcf7-form-control wpcf7-textarea form-int\" aria-invalid=\"false\" placeholder=\"Mensagem\" name=\"your-message\"><\/textarea><\/span> <\/label>\n\t\t<\/p>\n\t<\/div>\n<\/div>\n<div class=\"row mt-3\">\n\t<div class=\"col-md-12\">\n\t\t<p class=\"text-center\"><span class=\"wpcf7-form-control-wrap\" data-name=\"acceptance-126\"><span class=\"wpcf7-form-control wpcf7-acceptance\"><span class=\"wpcf7-list-item\"><input type=\"checkbox\" name=\"acceptance-126\" value=\"1\" aria-invalid=\"false\" \/><\/span><\/span><\/span> Eu li e aceito <a href=\"https:\/\/www.productosajf.es\/pt-pt\/aviso-legal\/\" target=\"_blank\">o aviso legal.<\/a>\n\t\t<\/p>\n\t<\/div>\n<\/div>\n<div class=\"row mt-3\">\n\t<div class=\"col-md-12\">\n\t\t<p><input class=\"wpcf7-form-control wpcf7-submit has-spinner btn-int\" type=\"submit\" value=\"Enviar\" \/>\n\t\t<\/p>\n\t<\/div>\n<\/div><noscript>\n\t\t\t<div class=\"wpcf7-response-output wpcf7-spam-blocked\">Your browser does not support JavaScript!. Please enable javascript in your browser in order to get form work properly.<\/div>\n\t<\/noscript><script type='text\/javascript'>\n\n\t\t\t\t\t\tif(contactform === undefined){\n\t\t\t\t\t\t\tvar contactform = [];\n\t\t\t\t\t\t}\n\t\t\t\t\t\tvar innerVal = [1610,'mail_sent_ok','Gracias por tu mensaje. Ha sido enviado.'];\n\t\t\t\t\t\tcontactform.push(innerVal);\n\t\t\t\t\t\tvar innerVal = [1610,'mail_sent_ng','Hubo un error intentando enviar tu mensaje. Por favor int&eacute;ntalo de nuevo m&aacute;s tarde.'];\n\t\t\t\t\t\tcontactform.push(innerVal);\n\t\t\t\t\t\tvar innerVal = [1610,'validation_error','Uno o m&aacute;s campos tienen un error. Por favor revisa e int&eacute;ntalo de nuevo.'];\n\t\t\t\t\t\tcontactform.push(innerVal);\n\t\t\t\t\t\tvar innerVal = [1610,'spam','Hubo un error intentando enviar tu mensaje. Por favor int&eacute;ntalo de nuevo m&aacute;s tarde.'];\n\t\t\t\t\t\tcontactform.push(innerVal);\n\t\t\t\t\t\tvar innerVal = [1610,'accept_terms','Debes aceptar los t&eacute;rminos y condiciones antes de enviar tu mensaje.'];\n\t\t\t\t\t\tcontactform.push(innerVal);\n\t\t\t\t\t\tvar innerVal = [1610,'invalid_required','El campo es obligatorio.'];\n\t\t\t\t\t\tcontactform.push(innerVal);\n\t\t\t\t\t\tvar innerVal = [1610,'invalid_too_long','El campo es demasiado largo.'];\n\t\t\t\t\t\tcontactform.push(innerVal);\n\t\t\t\t\t\tvar innerVal = [1610,'invalid_too_short','El campo es demasiado corto.'];\n\t\t\t\t\t\tcontactform.push(innerVal);\n\t\t\t\t\t\tvar innerVal = [1610,'invalid_date','El formato de fecha es incorrecto.'];\n\t\t\t\t\t\tcontactform.push(innerVal);\n\t\t\t\t\t\tvar innerVal = [1610,'date_too_early','La fecha es anterior a la m&aacute;s temprana permitida.'];\n\t\t\t\t\t\tcontactform.push(innerVal);\n\t\t\t\t\t\tvar innerVal = [1610,'date_too_late','La fecha es posterior a la m&aacute;s tard&iacute;a permitida.'];\n\t\t\t\t\t\tcontactform.push(innerVal);\n\t\t\t\t\t\tvar innerVal = [1610,'upload_failed','Hubo un error desconocido subiendo el archivo.'];\n\t\t\t\t\t\tcontactform.push(innerVal);\n\t\t\t\t\t\tvar innerVal = [1610,'upload_file_type_invalid','No tienes permisos para subir archivos de este tipo.'];\n\t\t\t\t\t\tcontactform.push(innerVal);\n\t\t\t\t\t\tvar innerVal = [1610,'upload_file_too_large','El archivo es demasiado grande.'];\n\t\t\t\t\t\tcontactform.push(innerVal);\n\t\t\t\t\t\tvar innerVal = [1610,'upload_failed_php_error','Se ha producido un error subiendo la imagen'];\n\t\t\t\t\t\tcontactform.push(innerVal);\n\t\t\t\t\t\tvar innerVal = [1610,'invalid_number','El formato de n&uacute;mero no es v&aacute;lido.'];\n\t\t\t\t\t\tcontactform.push(innerVal);\n\t\t\t\t\t\tvar innerVal = [1610,'number_too_small','El n&uacute;mero es menor que el m&iacute;nimo permitido.'];\n\t\t\t\t\t\tcontactform.push(innerVal);\n\t\t\t\t\t\tvar innerVal = [1610,'number_too_large','El n&uacute;mero es mayor que el m&aacute;ximo permitido.'];\n\t\t\t\t\t\tcontactform.push(innerVal);\n\t\t\t\t\t\tvar innerVal = [1610,'quiz_answer_not_correct','La respuesta al cuestionario no es correcta.'];\n\t\t\t\t\t\tcontactform.push(innerVal);\n\t\t\t\t\t\tvar innerVal = [1610,'invalid_email','La direcci&oacute;n de correo electr&oacute;nico que has introducido no es v&aacute;lida.'];\n\t\t\t\t\t\tcontactform.push(innerVal);\n\t\t\t\t\t\tvar innerVal = [1610,'invalid_url','La URL no es v&aacute;lida.'];\n\t\t\t\t\t\tcontactform.push(innerVal);\n\t\t\t\t\t\tvar innerVal = [1610,'invalid_tel','El n&uacute;mero de tel&eacute;fono no es v&aacute;lido.'];\n\t\t\t\t\t\tcontactform.push(innerVal);\n\t\t\t\t\t\tvar innerVal = [1610,'gdpr',''];\n\t\t\t\t\t\tcontactform.push(innerVal);\n\t\t\t\t\t\t<\/script><p style=\"display: none !important;\" class=\"akismet-fields-container\" data-prefix=\"_wpcf7_ak_\"><label>&#916;<textarea name=\"_wpcf7_ak_hp_textarea\" cols=\"45\" rows=\"8\" maxlength=\"100\"><\/textarea><\/label><input type=\"hidden\" id=\"ak_js_1\" name=\"_wpcf7_ak_js\" value=\"128\"\/><script>document.getElementById( \"ak_js_1\" ).setAttribute( \"value\", ( new Date() ).getTime() );<\/script><\/p><div class=\"wpcf7-response-output\" aria-hidden=\"true\"><\/div>\n<\/form>\n<\/div>\n<\/div>\n<div class=\"col-xs-12 col-md-6\">\n<div class=\"row\">\n<div class=\"col-xs-12 col-md-6\">\n<p><i class=\"fa fa-phone\" aria-hidden=\"true\"><\/i> <strong>Tel:<\/strong> <a href=\"tel:+34954850323\"> 954 850 323<\/a> &#8211; <a href=\"tel:+34955853211\">955 853 211<\/a><\/p>\n<\/div>\n<div class=\"col-xs-12 col-md-6\">\n<p><i class=\"fa fa-fax\"><\/i> <strong>Fax:<\/strong> 955 853 213<\/p>\n<\/div>\n<\/div>\n<div class=\"row\">\n<div class=\"col-xs-12 col-md-6\">\n<p><i class=\"fa fa-envelope\" aria-hidden=\"true\"><\/i> <strong>F\u00e1brica:<\/strong> fgarrocho@productosajf.es<\/p>\n<p><i class=\"fa fa-envelope\" aria-hidden=\"true\"><\/i> <strong>Comercial:<\/strong> productosajf@productosajf.es<\/p>\n<p><i class=\"fa fa-envelope\" aria-hidden=\"true\"><\/i> <strong>Adm\u00f3n:<\/strong> agarabito@productosajf.es<\/p>\n<\/div>\n<div class=\"col-xs-12 col-md-6\">\n<p><i class=\"fa fa-envelope\" aria-hidden=\"true\"><\/i> <strong>Log\u00edstica:<\/strong> logistica@productosajf.es<\/p>\n<p><i class=\"fa fa-envelope\" aria-hidden=\"true\"><\/i> <strong> Qualidade:<\/strong> calidad@productosajf.es<\/p>\n<p><i class=\"fa fa-envelope\" aria-hidden=\"true\"><\/i> <strong> Regulamento:<\/strong> regulacion@productosajf.es<\/p>\n<p id=\"tw-target-text\" class=\"tw-data-text tw-text-large XcVN5d tw-ta\" dir=\"ltr\" data-placeholder=\"Traducci\u00f3n\"><span class=\"Y2IQFc\" lang=\"pt\">**Para enviar curriculum vitae, acesse o seguinte e-mail: productosajf@productosajf.es<\/span><\/p>\n<\/div>\n<\/div>\n<\/div>\n<\/div>\n<\/div>\n","protected":false},"excerpt":{"rendered":"<p>Entre em contato Tel: 954 850 323 &#8211; 955 853 211 Fax: 955 853 213 F\u00e1brica: fgarrocho@productosajf.es Comercial: productosajf@productosajf.es Adm\u00f3n: agarabito@productosajf.es Log\u00edstica: logistica@productosajf.es Qualidade: calidad@productosajf.es Regulamento: regulacion@productosajf.es **Para enviar curriculum vitae, acesse o seguinte e-mail: productosajf@productosajf.es [&#8230;]<\/p>\n<p><a class=\"btn btn-secondary understrap-read-more-link\" href=\"https:\/\/www.productosajf.es\/pt\/contato\/\">Continuar a ler&#8230;<span class=\"screen-reader-text\"> from Contato<\/span><\/a><\/p>\n","protected":false},"author":2,"featured_media":0,"parent":0,"menu_order":0,"comment_status":"closed","ping_status":"closed","template":"page-templates\/empty.php","meta":{"_seopress_robots_primary_cat":"","_seopress_titles_title":"Entre em contacto connosco e visite o nosso site - Produtos AJF","_seopress_titles_desc":"Para mais informa\u00e7\u00f5es, preencha o nosso breve formul\u00e1rio e contacte-nos por e-mail, telefone ou fax. Estamos \u00e0 sua espera!","_seopress_robots_index":"","footnotes":""},"class_list":["post-5858","page","type-page","status-publish","hentry"],"_links":{"self":[{"href":"https:\/\/www.productosajf.es\/pt\/wp-json\/wp\/v2\/pages\/5858"}],"collection":[{"href":"https:\/\/www.productosajf.es\/pt\/wp-json\/wp\/v2\/pages"}],"about":[{"href":"https:\/\/www.productosajf.es\/pt\/wp-json\/wp\/v2\/types\/page"}],"author":[{"embeddable":true,"href":"https:\/\/www.productosajf.es\/pt\/wp-json\/wp\/v2\/users\/2"}],"replies":[{"embeddable":true,"href":"https:\/\/www.productosajf.es\/pt\/wp-json\/wp\/v2\/comments?post=5858"}],"version-history":[{"count":4,"href":"https:\/\/www.productosajf.es\/pt\/wp-json\/wp\/v2\/pages\/5858\/revisions"}],"predecessor-version":[{"id":6207,"href":"https:\/\/www.productosajf.es\/pt\/wp-json\/wp\/v2\/pages\/5858\/revisions\/6207"}],"wp:attachment":[{"href":"https:\/\/www.productosajf.es\/pt\/wp-json\/wp\/v2\/media?parent=5858"}],"curies":[{"name":"wp","href":"https:\/\/api.w.org\/{rel}","templated":true}]}}